{"id":4367,"date":"2024-09-22T21:44:35","date_gmt":"2024-09-22T19:44:35","guid":{"rendered":"https:\/\/www.b2pweb.com\/contacto\/"},"modified":"2026-04-03T18:07:03","modified_gmt":"2026-04-03T16:07:03","slug":"contacto","status":"publish","type":"page","link":"https:\/\/www.b2pweb.com\/pt\/contacto\/","title":{"rendered":"Contacto"},"content":{"rendered":"","protected":false},"excerpt":{"rendered":"","protected":false},"author":1,"featured_media":0,"parent":0,"menu_order":0,"comment_status":"closed","ping_status":"closed","template":"page-contact.php","meta":{"_acf_changed":false,"footnotes":""},"class_list":["post-4367","page","type-page","status-publish","hentry"],"acf":[],"yoast_head":"<!-- This site is optimized with the Yoast SEO plugin v27.2 - https:\/\/yoast.com\/product\/yoast-seo-wordpress\/ -->\n<title>B2PWeb | Contacto<\/title>\n<meta name=\"description\" content=\"Tem uma pergunta ou precisa de ajuda? Entre em contacto com as nossas equipas! Quer seja cliente ou n\u00e3o, encontre a op\u00e7\u00e3o certa para si.\" \/>\n<meta name=\"robots\" content=\"index, follow, max-snippet:-1, max-image-preview:large, max-video-preview:-1\" \/>\n<link rel=\"canonical\" href=\"https:\/\/www.b2pweb.com\/pt\/contacto\/\" \/>\n<meta property=\"og:locale\" content=\"pt_PT\" \/>\n<meta property=\"og:type\" content=\"article\" \/>\n<meta property=\"og:title\" content=\"B2PWeb | Contacto\" \/>\n<meta property=\"og:description\" content=\"Tem uma pergunta ou precisa de ajuda? Entre em contacto com as nossas equipas! Quer seja cliente ou n\u00e3o, encontre a op\u00e7\u00e3o certa para si.\" \/>\n<meta property=\"og:url\" content=\"https:\/\/www.b2pweb.com\/pt\/contacto\/\" \/>\n<meta property=\"og:site_name\" content=\"B2PWeb\" \/>\n<meta property=\"article:publisher\" content=\"https:\/\/m.facebook.com\/p\/B2P-100057724080343\/\" \/>\n<meta property=\"article:modified_time\" content=\"2026-04-03T16:07:03+00:00\" \/>\n<meta name=\"twitter:card\" content=\"summary_large_image\" \/>\n<script type=\"application\/ld+json\" class=\"yoast-schema-graph\">{\"@context\":\"https:\/\/schema.org\",\"@graph\":[{\"@type\":\"WebPage\",\"@id\":\"https:\/\/www.b2pweb.com\/pt\/contacto\/\",\"url\":\"https:\/\/www.b2pweb.com\/pt\/contacto\/\",\"name\":\"B2PWeb | Contacto\",\"isPartOf\":{\"@id\":\"https:\/\/www.b2pweb.com\/pt\/#website\"},\"datePublished\":\"2024-09-22T19:44:35+00:00\",\"dateModified\":\"2026-04-03T16:07:03+00:00\",\"description\":\"Tem uma pergunta ou precisa de ajuda? Entre em contacto com as nossas equipas! Quer seja cliente ou n\u00e3o, encontre a op\u00e7\u00e3o certa para si.\",\"breadcrumb\":{\"@id\":\"https:\/\/www.b2pweb.com\/pt\/contacto\/#breadcrumb\"},\"inLanguage\":\"pt-PT\",\"potentialAction\":[{\"@type\":\"ReadAction\",\"target\":[\"https:\/\/www.b2pweb.com\/pt\/contacto\/\"]}]},{\"@type\":\"BreadcrumbList\",\"@id\":\"https:\/\/www.b2pweb.com\/pt\/contacto\/#breadcrumb\",\"itemListElement\":[{\"@type\":\"ListItem\",\"position\":1,\"name\":\"Home\",\"item\":\"https:\/\/www.b2pweb.com\/pt\/\"},{\"@type\":\"ListItem\",\"position\":2,\"name\":\"Contacto\"}]},{\"@type\":\"WebSite\",\"@id\":\"https:\/\/www.b2pweb.com\/pt\/#website\",\"url\":\"https:\/\/www.b2pweb.com\/pt\/\",\"name\":\"B2PWeb\",\"description\":\"\",\"publisher\":{\"@id\":\"https:\/\/www.b2pweb.com\/pt\/#organization\"},\"potentialAction\":[{\"@type\":\"SearchAction\",\"target\":{\"@type\":\"EntryPoint\",\"urlTemplate\":\"https:\/\/www.b2pweb.com\/pt\/?s={search_term_string}\"},\"query-input\":{\"@type\":\"PropertyValueSpecification\",\"valueRequired\":true,\"valueName\":\"search_term_string\"}}],\"inLanguage\":\"pt-PT\"},{\"@type\":\"Organization\",\"@id\":\"https:\/\/www.b2pweb.com\/pt\/#organization\",\"name\":\"B2PWeb\",\"url\":\"https:\/\/www.b2pweb.com\/pt\/\",\"logo\":{\"@type\":\"ImageObject\",\"inLanguage\":\"pt-PT\",\"@id\":\"https:\/\/www.b2pweb.com\/pt\/#\/schema\/logo\/image\/\",\"url\":\"https:\/\/www.b2pweb.com\/wp-content\/uploads\/2024\/09\/logo_b2pweb_by_b2p_couleur_originale_sans_tagline.png\",\"contentUrl\":\"https:\/\/www.b2pweb.com\/wp-content\/uploads\/2024\/09\/logo_b2pweb_by_b2p_couleur_originale_sans_tagline.png\",\"width\":558,\"height\":203,\"caption\":\"B2PWeb\"},\"image\":{\"@id\":\"https:\/\/www.b2pweb.com\/pt\/#\/schema\/logo\/image\/\"},\"sameAs\":[\"https:\/\/m.facebook.com\/p\/B2P-100057724080343\/\",\"https:\/\/fr.linkedin.com\/company\/b2pweb\",\"https:\/\/www.youtube.com\/channel\/UC_DMJDsr7WATOkvD0eLiF6A\",\"https:\/\/www.instagram.com\/b2pweb_\/\"]}]}<\/script>\n<!-- \/ Yoast SEO plugin. -->","yoast_head_json":{"title":"B2PWeb | Contacto","description":"Tem uma pergunta ou precisa de ajuda? Entre em contacto com as nossas equipas! Quer seja cliente ou n\u00e3o, encontre a op\u00e7\u00e3o certa para si.","robots":{"index":"index","follow":"follow","max-snippet":"max-snippet:-1","max-image-preview":"max-image-preview:large","max-video-preview":"max-video-preview:-1"},"canonical":"https:\/\/www.b2pweb.com\/pt\/contacto\/","og_locale":"pt_PT","og_type":"article","og_title":"B2PWeb | Contacto","og_description":"Tem uma pergunta ou precisa de ajuda? Entre em contacto com as nossas equipas! Quer seja cliente ou n\u00e3o, encontre a op\u00e7\u00e3o certa para si.","og_url":"https:\/\/www.b2pweb.com\/pt\/contacto\/","og_site_name":"B2PWeb","article_publisher":"https:\/\/m.facebook.com\/p\/B2P-100057724080343\/","article_modified_time":"2026-04-03T16:07:03+00:00","twitter_card":"summary_large_image","schema":{"@context":"https:\/\/schema.org","@graph":[{"@type":"WebPage","@id":"https:\/\/www.b2pweb.com\/pt\/contacto\/","url":"https:\/\/www.b2pweb.com\/pt\/contacto\/","name":"B2PWeb | Contacto","isPartOf":{"@id":"https:\/\/www.b2pweb.com\/pt\/#website"},"datePublished":"2024-09-22T19:44:35+00:00","dateModified":"2026-04-03T16:07:03+00:00","description":"Tem uma pergunta ou precisa de ajuda? Entre em contacto com as nossas equipas! Quer seja cliente ou n\u00e3o, encontre a op\u00e7\u00e3o certa para si.","breadcrumb":{"@id":"https:\/\/www.b2pweb.com\/pt\/contacto\/#breadcrumb"},"inLanguage":"pt-PT","potentialAction":[{"@type":"ReadAction","target":["https:\/\/www.b2pweb.com\/pt\/contacto\/"]}]},{"@type":"BreadcrumbList","@id":"https:\/\/www.b2pweb.com\/pt\/contacto\/#breadcrumb","itemListElement":[{"@type":"ListItem","position":1,"name":"Home","item":"https:\/\/www.b2pweb.com\/pt\/"},{"@type":"ListItem","position":2,"name":"Contacto"}]},{"@type":"WebSite","@id":"https:\/\/www.b2pweb.com\/pt\/#website","url":"https:\/\/www.b2pweb.com\/pt\/","name":"B2PWeb","description":"","publisher":{"@id":"https:\/\/www.b2pweb.com\/pt\/#organization"},"potentialAction":[{"@type":"SearchAction","target":{"@type":"EntryPoint","urlTemplate":"https:\/\/www.b2pweb.com\/pt\/?s={search_term_string}"},"query-input":{"@type":"PropertyValueSpecification","valueRequired":true,"valueName":"search_term_string"}}],"inLanguage":"pt-PT"},{"@type":"Organization","@id":"https:\/\/www.b2pweb.com\/pt\/#organization","name":"B2PWeb","url":"https:\/\/www.b2pweb.com\/pt\/","logo":{"@type":"ImageObject","inLanguage":"pt-PT","@id":"https:\/\/www.b2pweb.com\/pt\/#\/schema\/logo\/image\/","url":"https:\/\/www.b2pweb.com\/wp-content\/uploads\/2024\/09\/logo_b2pweb_by_b2p_couleur_originale_sans_tagline.png","contentUrl":"https:\/\/www.b2pweb.com\/wp-content\/uploads\/2024\/09\/logo_b2pweb_by_b2p_couleur_originale_sans_tagline.png","width":558,"height":203,"caption":"B2PWeb"},"image":{"@id":"https:\/\/www.b2pweb.com\/pt\/#\/schema\/logo\/image\/"},"sameAs":["https:\/\/m.facebook.com\/p\/B2P-100057724080343\/","https:\/\/fr.linkedin.com\/company\/b2pweb","https:\/\/www.youtube.com\/channel\/UC_DMJDsr7WATOkvD0eLiF6A","https:\/\/www.instagram.com\/b2pweb_\/"]}]}},"_links":{"self":[{"href":"https:\/\/www.b2pweb.com\/pt\/wp-json\/wp\/v2\/pages\/4367","targetHints":{"allow":["GET"]}}],"collection":[{"href":"https:\/\/www.b2pweb.com\/pt\/wp-json\/wp\/v2\/pages"}],"about":[{"href":"https:\/\/www.b2pweb.com\/pt\/wp-json\/wp\/v2\/types\/page"}],"author":[{"embeddable":true,"href":"https:\/\/www.b2pweb.com\/pt\/wp-json\/wp\/v2\/users\/1"}],"replies":[{"embeddable":true,"href":"https:\/\/www.b2pweb.com\/pt\/wp-json\/wp\/v2\/comments?post=4367"}],"version-history":[{"count":2,"href":"https:\/\/www.b2pweb.com\/pt\/wp-json\/wp\/v2\/pages\/4367\/revisions"}],"predecessor-version":[{"id":7692,"href":"https:\/\/www.b2pweb.com\/pt\/wp-json\/wp\/v2\/pages\/4367\/revisions\/7692"}],"wp:attachment":[{"href":"https:\/\/www.b2pweb.com\/pt\/wp-json\/wp\/v2\/media?parent=4367"}],"curies":[{"name":"wp","href":"https:\/\/api.w.org\/{rel}","templated":true}]}}