{"id":5496,"date":"2025-02-14T15:55:20","date_gmt":"2025-02-14T14:55:20","guid":{"rendered":"https:\/\/www.b2pweb.com\/?page_id=5496"},"modified":"2025-02-17T09:43:41","modified_gmt":"2025-02-17T08:43:41","slug":"politique-de-protection-des-donnees-de-lapplication-mobile-drivers-by-b2p","status":"publish","type":"page","link":"https:\/\/www.b2pweb.com\/fr\/politique-de-protection-des-donnees-de-lapplication-mobile-drivers-by-b2p\/","title":{"rendered":"Politique de protection des donn\u00e9es de l&rsquo;application mobile Drivers by B2P"},"content":{"rendered":"\n<p>La soci\u00e9t\u00e9 B2PWeb est soucieuse de pr\u00e9server la confidentialit\u00e9 de vos informations personnelles et attache une grande importance \u00e0 la protection de la vie priv\u00e9e des utilisateurs de ses services.<\/p>\n\n\n\n<p>La Politique de Confidentialit\u00e9 a pour objectif de d\u00e9finir les r\u00e8gles applicables \u00e0 la collecte et au traitement de vos informations personnelles via l\u2019utilisation de l\u2019application mobile <strong>Drivers by B2P<\/strong> (ci-apr\u00e8s \u00abl\u2019application\u00bb) concernant les services GedMouv et eProtocole. Elle pr\u00e9cise les donn\u00e9es collect\u00e9es, la mani\u00e8re dont nous les utilisons, les tiers avec qui avec qui nous sommes susceptibles de les partager et les mesures prises pour assurer leur s\u00e9curit\u00e9.<\/p>\n\n\n\n<h2 class=\"wp-block-heading mt-1\">1. Acceptation et mises \u00e0 jour de la Politique de confidentialit\u00e9<\/h2>\n\n\n\n<p>L\u2019utilisation de l\u2019application implique votre acceptation pleine et enti\u00e8re de la pr\u00e9sente Politique de Confidentialit\u00e9. Si vous \u00eates en d\u00e9saccord avec l\u2019un de ses termes, vous \u00eates libre de ne pas utiliser nos services, ni commander sur l\u2019application. D\u2019une mani\u00e8re g\u00e9n\u00e9rale, la Politique de Confidentialit\u00e9 est toujours facilement accessible depuis l\u2019application via ce lien : <a href=\"https:\/\/www.b2pweb.com\/fr\/politique-de-protection-des-donnees-de-lapplication-mobile-drivers-by-b2p\/\">https:\/\/www.b2pweb.com\/fr\/politique-de-protection-des-donnees-de-lapplication-mobile-drivers-by-b2p\/<\/a><\/p>\n\n\n\n<p>B2PWeb se r\u00e9serve le droit d\u2019apporter des modifications \u00e0 la Politique de Confidentialit\u00e9 \u00e0 tout moment. Aussi, nous vous encourageons \u00e0 consulter r\u00e9guli\u00e8rement cette page depuis l\u2019application pour prendre connaissance des modifications. Vous reconnaissez et acceptez qu\u2019il vous incombe de consulter r\u00e9guli\u00e8rement cette page pour prendre connaissance des modifications qui lui sont apport\u00e9es, notamment au sein de la Politique de Confidentialit\u00e9.<\/p>\n\n\n\n<h2 class=\"wp-block-heading mt-1\">2. Notre engagement de conformit\u00e9<\/h2>\n\n\n\n<p>La soci\u00e9t\u00e9 B2PWeb, immatricul\u00e9e au RCS d\u2019Avignon sous le num\u00e9ro SIREN 489&nbsp;052 902, ayant son si\u00e8ge social au 127 avenue joseph Boitelet \u2013 84300 Cavaillon, repr\u00e9sent\u00e9e par Monsieur Benoit AUJAY, en sa qualit\u00e9 de Directeur G\u00e9n\u00e9ral, est Responsable de Traitement des donn\u00e9es personnelles collect\u00e9es via l\u2019application.<\/p>\n\n\n\n<p>La soci\u00e9t\u00e9 B2PWeb s\u2019engage par la pr\u00e9sente Politique de Confidentialit\u00e9 \u00e0 respecter les obligations l\u00e9gales et r\u00e9glementaires qui lui incombent et issues du R\u00e8glement europ\u00e9en 2016\/679 du 27 avril 2016 relatif \u00e0 la protection des personnes physiques \u00e0 l\u2019\u00e9gard du traitement des donn\u00e9es \u00e0 caract\u00e8re personnel et \u00e0 la libre circulation de ces donn\u00e9es (dit \u00ab RGPD \u00bb) et de la loi n\u00b0 78-17 du 6 janvier 1978 relative \u00e0 l\u2019informatique, aux fichiers et aux libert\u00e9s, modifi\u00e9e (dite \u00ab Loi Informatique et Libert\u00e9s \u00bb) (ci-apr\u00e8s la \u00ab R\u00e9glementation \u00bb).<\/p>\n\n\n\n<p>Pour les besoins de la Politique de Confidentialit\u00e9, le terme \u00ab donn\u00e9e \u00e0 caract\u00e8re personnel \u00bb, d\u00e9signe toute information se rapportant \u00e0 une personne physique qui peut \u00eatre identifi\u00e9e, directement ou indirectement, tel que les nom, pr\u00e9nom, adresse email et postale, num\u00e9ro de t\u00e9l\u00e9phone, identifiant, mot de passe, etc. (ci-apr\u00e8s une \u00ab Donn\u00e9e Personnelle \u00bb).<\/p>\n\n\n\n<p>L\u2019application et nos Services ne sont pas destin\u00e9s aux mineurs et sont exclusivement destin\u00e9s aux personnes \u00e2g\u00e9es de plus de dix-huit (18) ans ayant la capacit\u00e9 juridique. Nous ne collectons ni ne traitons de donn\u00e9es personnelles sur les mineurs via nos services. Dans le cas o\u00f9 nous serions inform\u00e9s du traitement des Donn\u00e9es Personnelles de mineurs, nous prendrons les mesures appropri\u00e9es pour supprimer d\u00e9finitivement ces donn\u00e9es de nos serveurs.<\/p>\n\n\n\n<h2 class=\"wp-block-heading mt-1\">3. Quelles donn\u00e9es personnelles collectons-nous et \u00e0 quelles occasions&nbsp;?<\/h2>\n\n\n\n<p>En fonction de votre utilisation de l\u2019Application, des ressources et services de B2PWeb et S3PWeb et des finalit\u00e9s de vos interactions avec l\u2019application, nous pouvons collecter diff\u00e9rents types de donn\u00e9es personnelles vous concernant (vos \u00abDonn\u00e9es Personnelles\u00bb): Les Donn\u00e9es Personnelles et autres informations que nous collectons et traitons concernent, par exemple :<\/p>\n\n\n\n<ul class=\"wp-block-list\">\n<li>Des informations relatives \u00e0 votre identit\u00e9 et vos coordonn\u00e9es telles que vos nom et pr\u00e9nom, adresse email et num\u00e9ro de t\u00e9l\u00e9phone ;<\/li>\n\n\n\n<li>Des informations relatives \u00e0 la soci\u00e9t\u00e9 que vous repr\u00e9sentez telles que son nom, l\u2019adresse de son si\u00e8ge social, ses effectifs et son activit\u00e9 ;<\/li>\n\n\n\n<li>Des informations relatives \u00e0 votre connexion au compte personnel telles que l\u2019identifiant et le mot de passe&nbsp;;<\/li>\n\n\n\n<li>Les donn\u00e9es que vous avez communiqu\u00e9es concernant les \u00e9v\u00e9nements li\u00e9s \u00e0 la gestion d\u2019un ordre de transport (\u00abmarchandise charg\u00e9e\u00bb, \u00abrefus de livraison\u00bb, \u2026) via l\u2019Application ;<\/li>\n\n\n\n<li>La r\u00e9ception des positions GPS d\u2019un Utilisateur Autoris\u00e9 via l\u2019Application si les trois conditions cumulatives suivantes sont remplies:<\/li>\n<\/ul>\n\n\n\n<p>L\u2019Application est ouverte sur le t\u00e9l\u00e9phone et l\u2019Utilisateur s\u2019est identifi\u00e9 avec succ\u00e8s; la fonctionnalit\u00e9 GPS du t\u00e9l\u00e9phone est activ\u00e9e; la fonctionnalit\u00e9 GPS de l\u2019application est activ\u00e9e.<\/p>\n\n\n\n<h2 class=\"wp-block-heading mt-1\">4. Sur quel fondement et pourquoi utilisons-nous vos Donn\u00e9es Personnelles&nbsp;?<\/h2>\n\n\n\n<p>Nous n\u2019utiliserons vos Donn\u00e9es Personnelles que si vous y avez consenti ou que si cette utilisation repose sur la protection de nos int\u00e9r\u00eats l\u00e9gitimes (ex. pour r\u00e9pondre vos questions et vous fournir nos services), ou encore sur le respect d\u2019une obligation l\u00e9gale ou r\u00e8glementaire.<\/p>\n\n\n\n<p>Nous collectons et traitons des informations vous concernant pour diverses raisons et notamment pour :<\/p>\n\n\n\n<ul class=\"wp-block-list\">\n<li>G\u00e9rer la relation client-prospect (ex. r\u00e9pondre \u00e0 vos demandes) ;<\/li>\n\n\n\n<li>Envoyer des newsletters, sollicitations commerciales et alertes par email portant sur les diff\u00e9rents services de la soci\u00e9t\u00e9 B2PWeb ou ses filiales et partenaires, selon vos crit\u00e8res de choix;<\/li>\n\n\n\n<li>Am\u00e9liorer la qualit\u00e9 de nos services (ex. mesure de fr\u00e9quentation du Site Web)&nbsp;;<\/li>\n\n\n\n<li>Assurer la s\u00e9curit\u00e9 des Donn\u00e9es Personnelles (ex. pr\u00e9venir l\u2019usurpation d\u2019identit\u00e9 num\u00e9rique)&nbsp;;<\/li>\n\n\n\n<li>R\u00e9soudre tout litige \u00e9ventuel ou r\u00e9gler tout probl\u00e8me dans le cadre de l\u2019utilisation du Site Web.<\/li>\n<\/ul>\n\n\n\n<p>Toute utilisation de Donn\u00e9es Personnelles dans un autre but que ceux expos\u00e9s dans les pr\u00e9sentes n\u00e9cessitera votre accord pr\u00e9alable expr\u00e8s. La soci\u00e9t\u00e9 B2PWeb s\u2019engage \u00e0 ne pas acc\u00e9der \u00e0 ou utiliser vos Donn\u00e9es Personnelles \u00e0 d\u2019autres fins que celles pr\u00e9cit\u00e9es.<\/p>\n\n\n\n<h2 class=\"wp-block-heading mt-1\">5. Avec qui partageons-nous vos Donn\u00e9es Personnelles ?<\/h2>\n\n\n\n<p>Communication pour des besoins de traitement externe&nbsp;:<\/p>\n\n\n\n<p>Vos Donn\u00e9es Personnelles peuvent, le cas \u00e9ch\u00e9ant, \u00eatre transmises \u00e0 des tiers intervenant dans la fourniture de nos services (prestataires technique et d\u2019h\u00e9bergement, ou encore sous-traitant pour la gestion d\u2019incident de s\u00e9curit\u00e9, etc.). La soci\u00e9t\u00e9 B2PWeb s\u2019engage \u00e0 ne communiquer vos Donn\u00e9es Personnelles qu\u2019\u00e0 des prestataires habilit\u00e9s et de confiance, qui les traitent pour notre compte, selon nos instructions.<\/p>\n\n\n\n<p>De m\u00eame, sous r\u00e9serve de votre accord expr\u00e8s, vos Donn\u00e9es Personnelles seront communiqu\u00e9es aux filiales (notamment B2PWEB et S3PWEB) et partenaires de B2PWeb.<\/p>\n\n\n\n<p>Communication pour des raisons d\u2019ordre juridique et l\u00e9gal&nbsp;:<\/p>\n\n\n\n<p>Par ailleurs, vos Donn\u00e9es Personnelles pourront \u00eatre divulgu\u00e9es \u00e0 un tiers si la soci\u00e9t\u00e9 B2PWeb y est contrainte par la loi, une disposition r\u00e9glementaire, ou une ordonnance judiciaire, ou encore si cette divulgation est rendue n\u00e9cessaire pour les besoins d\u2019une enqu\u00eate, injonction ou d\u2019une proc\u00e9dure judiciaire, sur le territoire national ou \u00e0 l\u2019\u00e9tranger.<\/p>\n\n\n\n<p>De m\u00eame, nous pouvons \u00eatre amen\u00e9s \u00e0 partager vos Donn\u00e9es Personnelles avec des tierces personnes (ex. avocats, huissiers, etc.) afin de faire appliquer la Politique de protection des donn\u00e9es (y compris pour constater d\u2019\u00e9ventuels manquements \u00e0 celles-ci) et de se pr\u00e9munir contre toute atteinte aux droits, aux biens ou \u00e0 la s\u00e9curit\u00e9 de la soci\u00e9t\u00e9 B2PWeb et des utilisateurs de nos services, en application et dans le respect de la loi.<\/p>\n\n\n\n<h2 class=\"wp-block-heading mt-1\">6. Combien de temps vos Donn\u00e9es Personnelles sont-elles conserv\u00e9es&nbsp;?<\/h2>\n\n\n\n<p>La dur\u00e9e de conservation de vos Donn\u00e9es Personnelles peut varier selon les cas suivants:<\/p>\n\n\n\n<p>\u2013 nous conservons vos donn\u00e9es jusqu\u2019\u00e0 3 ans apr\u00e8s notre dernier contact avec un prospect;<\/p>\n\n\n\n<p>\u2013 pour les prospects devenant clients B2PWeb, nous conservons vos donn\u00e9es jusqu\u2019\u00e0 3 ans \u00e0 compter de la fin de nos relations commerciales.<\/p>\n\n\n\n<p>Toutefois, selon les cas, nous sommes susceptibles de conserver vos donn\u00e9es plus longtemps, notamment pour nous conformer \u00e0 la l\u00e9gislation applicable, pour la gestion de r\u00e9clamations et\/ou contentieux, pour d\u00e9fendre nos int\u00e9r\u00eats ou faire valoir nos droits ou encore pour r\u00e9pondre \u00e0 des demandes d\u2019autorit\u00e9s habilit\u00e9es.<\/p>\n\n\n\n<p>Nous ne les conserverons pas plus longtemps que n\u00e9cessaire et lorsque nous n\u2019en aurons plus besoin, nous les d\u00e9truirons en toute s\u00e9curit\u00e9 conform\u00e9ment \u00e0 notre politique interne ou nous les rendrons anonymes.<\/p>\n\n\n\n<h2 class=\"wp-block-heading mt-1\">7. Comment assurons-nous la s\u00e9curit\u00e9 de vos Donn\u00e9es Personnelles&nbsp;?<\/h2>\n\n\n\n<p>Nous prot\u00e9geons vos informations \u00e0 l\u2019aide de mesures de s\u00e9curit\u00e9 physiques, techniques et organisationnelles, contre les acc\u00e8s et divulgation non autoris\u00e9s, modification, alt\u00e9ration, endommagement, perte accidentelle ou destruction accidentelle ou illicite, ainsi que contre toute autre forme de traitement illicite ou communication \u00e0 des personnes non autoris\u00e9es. Nos mesures de protection incluent notamment des pare-feu, des contr\u00f4les d\u2019acc\u00e8s physiques \u00e0 nos centres de donn\u00e9es et des contr\u00f4les d\u2019autorisation d\u2019acc\u00e8s aux informations. Enfin, nous vous informons que vos Donn\u00e9es Personnelles sont stock\u00e9es sur des serveurs situ\u00e9s dans l\u2019Union europ\u00e9enne.<\/p>\n\n\n\n<h2 class=\"wp-block-heading mt-1\">8. Quels sont vos droits&nbsp;?<\/h2>\n\n\n\n<p>Vos droits&nbsp;?<\/p>\n\n\n\n<p>Tout internaute utilisateurs de l\u2019application dont les Donn\u00e9es Personnelles sont trait\u00e9es par la soci\u00e9t\u00e9 B2PWeb dispose notamment des droits suivants :<\/p>\n\n\n\n<ul class=\"wp-block-list\">\n<li>Droit d\u2019acc\u00e8s (il s\u2019agit de votre droit d\u2019obtenir la confirmation que vos donn\u00e9es sont trait\u00e9es ou non, et si oui, d\u2019acc\u00e9der \u00e0 ces donn\u00e9es)&nbsp;;<\/li>\n\n\n\n<li>Droit \u00e0 la rectification&nbsp;(ex. mettre \u00e0 jour ou corriger vos donn\u00e9es si elles sont incompl\u00e8tes ou incorrectes)&nbsp;;<\/li>\n\n\n\n<li>Droit \u00e0 la limitation (ex. dans certains cas pr\u00e9vus par la loi, et si vous remettez en cause le traitement de certaines de vos donn\u00e9es, vous pouvez r\u00e9clamer qu\u2019on en limite l\u2019utilisation durant la gestion de notre diff\u00e9rend)&nbsp;;<\/li>\n\n\n\n<li>Droit \u00e0 la portabilit\u00e9&nbsp;(ex. vous avez le droit de r\u00e9cup\u00e9rer vos donn\u00e9es ou d\u2019exiger leur transmission \u00e0 des prestataires tiers)&nbsp;;<\/li>\n\n\n\n<li>Droit \u00e0 l\u2019effacement (il s\u2019agit de votre droit d\u2019obtenir, dans les meilleurs d\u00e9lais, l\u2019effacement de vos donn\u00e9es, sous r\u00e9serve de nos obligations l\u00e9gales de conservation)&nbsp;;<\/li>\n\n\n\n<li>Droit d\u2019opposition (il s\u2019agit de votre droit de vous opposer \u00e0 tout moment au traitement de vos donn\u00e9es par GEDMOUV et eProtocole, sauf en cas de motifs l\u00e9gitimes et imp\u00e9rieux de B2PWeb. Vous pouvez \u00e9galement vous opposer au traitement fait \u00e0 des fins de prospection)&nbsp;;<\/li>\n\n\n\n<li>Droit de ne pas faire l\u2019objet d\u2019une d\u00e9cision fond\u00e9e exclusivement sur un traitement automatis\u00e9, y compris le profilage, produisant des effets juridiques vous concernant ou vous affectant de mani\u00e8re significative de fa\u00e7on similaire.<\/li>\n<\/ul>\n\n\n\n<p>L\u2019exercice de vos droits&nbsp;<\/p>\n\n\n\n<p>Vous pouvez exercer ces droits \u00e0 tout moment en nous adressant vos demandes, avec un justificatif d\u2019identit\u00e9, aux adresses mentionn\u00e9es \u00e0 la section 9 ci-dessous. Si vous exercez ces droits, nous nous effor\u00e7ons de r\u00e9pondre dans les meilleurs d\u00e9lais, et en tout \u00e9tat de cause, dans un d\u00e9lai d\u2019un mois \u00e0 compter de la r\u00e9ception de votre demande.<\/p>\n\n\n\n<p>Au besoin, ce d\u00e9lai pourra \u00eatre prolong\u00e9 de deux mois, compte tenu de la complexit\u00e9 et du nombre de demandes adress\u00e9es \u00e0&nbsp;B2PWeb. Dans ce cas, vous serez inform\u00e9 de cette prolongation et des motifs du report.<\/p>\n\n\n\n<p>Si la soci\u00e9t\u00e9 B2PWeb ne donne pas suite \u00e0 votre demande, elle vous informera des motifs de son inaction et vous disposez de la possibilit\u00e9 d\u2019introduire une r\u00e9clamation aupr\u00e8s d\u2019une autorit\u00e9 de contr\u00f4le et\/ou de former un recours juridictionnel.<\/p>\n\n\n\n<p>La CNIL<\/p>\n\n\n\n<p>Pour en savoir plus sur vos droits ou porter r\u00e9clamation, vous pouvez vous rapprocher de la Commission Nationale de l\u2019Informatique et des Libert\u00e9s (dite \u00ab&nbsp;CNIL&nbsp;\u00bb) (site internet :&nbsp;<a href=\"https:\/\/www.cnil.fr\/\" target=\"_blank\" rel=\"noreferrer noopener\">https:\/\/www.cnil.fr\/<\/a>).<\/p>\n\n\n\n<h2 class=\"wp-block-heading mt-1\">9. Contactez-nous&nbsp;!<\/h2>\n\n\n\n<p>Pour toute question concernant ce document et, d\u2019une mani\u00e8re g\u00e9n\u00e9rale, sur la collecte et le traitement de vos Donn\u00e9es Personnelles par la soci\u00e9t\u00e9 B2PWeb, contactez-nous :<\/p>\n\n\n\n<ul class=\"wp-block-list\">\n<li>Par email \u00e0 l\u2019adresse suivante&nbsp;: B2PWeb <a target=\"_blank\" href=\"mailto:rgpd@b2pweb.com\" rel=\"noopener\">rgpd@b2pweb.com<\/a><\/li>\n\n\n\n<li>Par courrier postal \u00e0 l\u2019adresse&nbsp;: B2PWeb \u2013 Service GedMouv ou&nbsp; eProtocole, 127 avenue joseph Boitelet \u2013 84300 Cavaillon<\/li>\n<\/ul>\n\n\n\n<p>Enfin, sachez que la soci\u00e9t\u00e9 B2PWeb, a d\u00e9sign\u00e9 un d\u00e9l\u00e9gu\u00e9 \u00e0 la protection des donn\u00e9es. Il est joignable par email (<a target=\"_blank\" href=\"mailto:rgpd@b2pweb.com\" rel=\"noopener\">rgpd@b2pweb.com<\/a> ).<\/p>\n","protected":false},"excerpt":{"rendered":"<p>La soci\u00e9t\u00e9 B2PWeb est soucieuse de pr\u00e9server la confidentialit\u00e9 de vos informations personnelles et attache une grande importance \u00e0 la protection de la vie priv\u00e9e des utilisateurs de ses services. La Politique de Confidentialit\u00e9 a pour objectif de d\u00e9finir les r\u00e8gles applicables \u00e0 la collecte et au traitement de vos informations personnelles via l\u2019utilisation de [&hellip;]<\/p>\n","protected":false},"author":1,"featured_media":0,"parent":0,"menu_order":0,"comment_status":"closed","ping_status":"closed","template":"page.php","meta":{"_acf_changed":false,"footnotes":""},"class_list":["post-5496","page","type-page","status-publish","hentry"],"acf":[],"yoast_head":"<!-- This site is optimized with the Yoast SEO plugin v27.2 - https:\/\/yoast.com\/product\/yoast-seo-wordpress\/ -->\n<title>B2PWeb | Politique de protection des donn\u00e9es de l&#039;application mobile Drivers by B2P<\/title>\n<meta name=\"description\" content=\"La soci\u00e9t\u00e9 B2PWeb est soucieuse de pr\u00e9server la confidentialit\u00e9 de vos informations personnelles et attache une grande importance \u00e0 la protection de la vie priv\u00e9e des utilisateurs de ses services.\" \/>\n<meta name=\"robots\" content=\"noindex, follow\" \/>\n<meta property=\"og:locale\" content=\"fr_FR\" \/>\n<meta property=\"og:type\" content=\"article\" \/>\n<meta property=\"og:title\" content=\"B2PWeb | Politique de protection des donn\u00e9es de l&#039;application mobile Drivers by B2P\" \/>\n<meta property=\"og:description\" content=\"La soci\u00e9t\u00e9 B2PWeb est soucieuse de pr\u00e9server la confidentialit\u00e9 de vos informations personnelles et attache une grande importance \u00e0 la protection de la vie priv\u00e9e des utilisateurs de ses services.\" \/>\n<meta property=\"og:url\" content=\"https:\/\/www.b2pweb.com\/fr\/politique-de-protection-des-donnees-de-lapplication-mobile-drivers-by-b2p\/\" \/>\n<meta property=\"og:site_name\" content=\"B2PWeb\" \/>\n<meta property=\"article:publisher\" content=\"https:\/\/m.facebook.com\/p\/B2P-100057724080343\/\" \/>\n<meta property=\"article:modified_time\" content=\"2025-02-17T08:43:41+00:00\" \/>\n<meta name=\"twitter:card\" content=\"summary_large_image\" \/>\n<meta name=\"twitter:label1\" content=\"Dur\u00e9e de lecture estim\u00e9e\" \/>\n\t<meta name=\"twitter:data1\" content=\"10 minutes\" \/>\n<script type=\"application\/ld+json\" class=\"yoast-schema-graph\">{\"@context\":\"https:\/\/schema.org\",\"@graph\":[{\"@type\":\"WebPage\",\"@id\":\"https:\/\/www.b2pweb.com\/fr\/politique-de-protection-des-donnees-de-lapplication-mobile-drivers-by-b2p\/\",\"url\":\"https:\/\/www.b2pweb.com\/fr\/politique-de-protection-des-donnees-de-lapplication-mobile-drivers-by-b2p\/\",\"name\":\"B2PWeb | Politique de protection des donn\u00e9es de l'application mobile Drivers by B2P\",\"isPartOf\":{\"@id\":\"https:\/\/www.b2pweb.com\/fr\/#website\"},\"datePublished\":\"2025-02-14T14:55:20+00:00\",\"dateModified\":\"2025-02-17T08:43:41+00:00\",\"description\":\"La soci\u00e9t\u00e9 B2PWeb est soucieuse de pr\u00e9server la confidentialit\u00e9 de vos informations personnelles et attache une grande importance \u00e0 la protection de la vie priv\u00e9e des utilisateurs de ses services.\",\"breadcrumb\":{\"@id\":\"https:\/\/www.b2pweb.com\/fr\/politique-de-protection-des-donnees-de-lapplication-mobile-drivers-by-b2p\/#breadcrumb\"},\"inLanguage\":\"fr-FR\",\"potentialAction\":[{\"@type\":\"ReadAction\",\"target\":[\"https:\/\/www.b2pweb.com\/fr\/politique-de-protection-des-donnees-de-lapplication-mobile-drivers-by-b2p\/\"]}]},{\"@type\":\"BreadcrumbList\",\"@id\":\"https:\/\/www.b2pweb.com\/fr\/politique-de-protection-des-donnees-de-lapplication-mobile-drivers-by-b2p\/#breadcrumb\",\"itemListElement\":[{\"@type\":\"ListItem\",\"position\":1,\"name\":\"Home\",\"item\":\"https:\/\/www.b2pweb.com\/fr\/\"},{\"@type\":\"ListItem\",\"position\":2,\"name\":\"Politique de protection des donn\u00e9es de l&rsquo;application mobile Drivers by B2P\"}]},{\"@type\":\"WebSite\",\"@id\":\"https:\/\/www.b2pweb.com\/fr\/#website\",\"url\":\"https:\/\/www.b2pweb.com\/fr\/\",\"name\":\"B2PWeb\",\"description\":\"\",\"publisher\":{\"@id\":\"https:\/\/www.b2pweb.com\/fr\/#organization\"},\"potentialAction\":[{\"@type\":\"SearchAction\",\"target\":{\"@type\":\"EntryPoint\",\"urlTemplate\":\"https:\/\/www.b2pweb.com\/fr\/?s={search_term_string}\"},\"query-input\":{\"@type\":\"PropertyValueSpecification\",\"valueRequired\":true,\"valueName\":\"search_term_string\"}}],\"inLanguage\":\"fr-FR\"},{\"@type\":\"Organization\",\"@id\":\"https:\/\/www.b2pweb.com\/fr\/#organization\",\"name\":\"B2PWeb\",\"url\":\"https:\/\/www.b2pweb.com\/fr\/\",\"logo\":{\"@type\":\"ImageObject\",\"inLanguage\":\"fr-FR\",\"@id\":\"https:\/\/www.b2pweb.com\/fr\/#\/schema\/logo\/image\/\",\"url\":\"https:\/\/www.b2pweb.com\/wp-content\/uploads\/2024\/09\/logo_b2pweb_by_b2p_couleur_originale_sans_tagline.png\",\"contentUrl\":\"https:\/\/www.b2pweb.com\/wp-content\/uploads\/2024\/09\/logo_b2pweb_by_b2p_couleur_originale_sans_tagline.png\",\"width\":558,\"height\":203,\"caption\":\"B2PWeb\"},\"image\":{\"@id\":\"https:\/\/www.b2pweb.com\/fr\/#\/schema\/logo\/image\/\"},\"sameAs\":[\"https:\/\/m.facebook.com\/p\/B2P-100057724080343\/\",\"https:\/\/fr.linkedin.com\/company\/b2pweb\",\"https:\/\/www.youtube.com\/channel\/UC_DMJDsr7WATOkvD0eLiF6A\",\"https:\/\/www.instagram.com\/b2pweb_\/\"]}]}<\/script>\n<!-- \/ Yoast SEO plugin. -->","yoast_head_json":{"title":"B2PWeb | Politique de protection des donn\u00e9es de l'application mobile Drivers by B2P","description":"La soci\u00e9t\u00e9 B2PWeb est soucieuse de pr\u00e9server la confidentialit\u00e9 de vos informations personnelles et attache une grande importance \u00e0 la protection de la vie priv\u00e9e des utilisateurs de ses services.","robots":{"index":"noindex","follow":"follow"},"og_locale":"fr_FR","og_type":"article","og_title":"B2PWeb | Politique de protection des donn\u00e9es de l'application mobile Drivers by B2P","og_description":"La soci\u00e9t\u00e9 B2PWeb est soucieuse de pr\u00e9server la confidentialit\u00e9 de vos informations personnelles et attache une grande importance \u00e0 la protection de la vie priv\u00e9e des utilisateurs de ses services.","og_url":"https:\/\/www.b2pweb.com\/fr\/politique-de-protection-des-donnees-de-lapplication-mobile-drivers-by-b2p\/","og_site_name":"B2PWeb","article_publisher":"https:\/\/m.facebook.com\/p\/B2P-100057724080343\/","article_modified_time":"2025-02-17T08:43:41+00:00","twitter_card":"summary_large_image","twitter_misc":{"Dur\u00e9e de lecture estim\u00e9e":"10 minutes"},"schema":{"@context":"https:\/\/schema.org","@graph":[{"@type":"WebPage","@id":"https:\/\/www.b2pweb.com\/fr\/politique-de-protection-des-donnees-de-lapplication-mobile-drivers-by-b2p\/","url":"https:\/\/www.b2pweb.com\/fr\/politique-de-protection-des-donnees-de-lapplication-mobile-drivers-by-b2p\/","name":"B2PWeb | Politique de protection des donn\u00e9es de l'application mobile Drivers by B2P","isPartOf":{"@id":"https:\/\/www.b2pweb.com\/fr\/#website"},"datePublished":"2025-02-14T14:55:20+00:00","dateModified":"2025-02-17T08:43:41+00:00","description":"La soci\u00e9t\u00e9 B2PWeb est soucieuse de pr\u00e9server la confidentialit\u00e9 de vos informations personnelles et attache une grande importance \u00e0 la protection de la vie priv\u00e9e des utilisateurs de ses services.","breadcrumb":{"@id":"https:\/\/www.b2pweb.com\/fr\/politique-de-protection-des-donnees-de-lapplication-mobile-drivers-by-b2p\/#breadcrumb"},"inLanguage":"fr-FR","potentialAction":[{"@type":"ReadAction","target":["https:\/\/www.b2pweb.com\/fr\/politique-de-protection-des-donnees-de-lapplication-mobile-drivers-by-b2p\/"]}]},{"@type":"BreadcrumbList","@id":"https:\/\/www.b2pweb.com\/fr\/politique-de-protection-des-donnees-de-lapplication-mobile-drivers-by-b2p\/#breadcrumb","itemListElement":[{"@type":"ListItem","position":1,"name":"Home","item":"https:\/\/www.b2pweb.com\/fr\/"},{"@type":"ListItem","position":2,"name":"Politique de protection des donn\u00e9es de l&rsquo;application mobile Drivers by B2P"}]},{"@type":"WebSite","@id":"https:\/\/www.b2pweb.com\/fr\/#website","url":"https:\/\/www.b2pweb.com\/fr\/","name":"B2PWeb","description":"","publisher":{"@id":"https:\/\/www.b2pweb.com\/fr\/#organization"},"potentialAction":[{"@type":"SearchAction","target":{"@type":"EntryPoint","urlTemplate":"https:\/\/www.b2pweb.com\/fr\/?s={search_term_string}"},"query-input":{"@type":"PropertyValueSpecification","valueRequired":true,"valueName":"search_term_string"}}],"inLanguage":"fr-FR"},{"@type":"Organization","@id":"https:\/\/www.b2pweb.com\/fr\/#organization","name":"B2PWeb","url":"https:\/\/www.b2pweb.com\/fr\/","logo":{"@type":"ImageObject","inLanguage":"fr-FR","@id":"https:\/\/www.b2pweb.com\/fr\/#\/schema\/logo\/image\/","url":"https:\/\/www.b2pweb.com\/wp-content\/uploads\/2024\/09\/logo_b2pweb_by_b2p_couleur_originale_sans_tagline.png","contentUrl":"https:\/\/www.b2pweb.com\/wp-content\/uploads\/2024\/09\/logo_b2pweb_by_b2p_couleur_originale_sans_tagline.png","width":558,"height":203,"caption":"B2PWeb"},"image":{"@id":"https:\/\/www.b2pweb.com\/fr\/#\/schema\/logo\/image\/"},"sameAs":["https:\/\/m.facebook.com\/p\/B2P-100057724080343\/","https:\/\/fr.linkedin.com\/company\/b2pweb","https:\/\/www.youtube.com\/channel\/UC_DMJDsr7WATOkvD0eLiF6A","https:\/\/www.instagram.com\/b2pweb_\/"]}]}},"_links":{"self":[{"href":"https:\/\/www.b2pweb.com\/fr\/wp-json\/wp\/v2\/pages\/5496","targetHints":{"allow":["GET"]}}],"collection":[{"href":"https:\/\/www.b2pweb.com\/fr\/wp-json\/wp\/v2\/pages"}],"about":[{"href":"https:\/\/www.b2pweb.com\/fr\/wp-json\/wp\/v2\/types\/page"}],"author":[{"embeddable":true,"href":"https:\/\/www.b2pweb.com\/fr\/wp-json\/wp\/v2\/users\/1"}],"replies":[{"embeddable":true,"href":"https:\/\/www.b2pweb.com\/fr\/wp-json\/wp\/v2\/comments?post=5496"}],"version-history":[{"count":10,"href":"https:\/\/www.b2pweb.com\/fr\/wp-json\/wp\/v2\/pages\/5496\/revisions"}],"predecessor-version":[{"id":5507,"href":"https:\/\/www.b2pweb.com\/fr\/wp-json\/wp\/v2\/pages\/5496\/revisions\/5507"}],"wp:attachment":[{"href":"https:\/\/www.b2pweb.com\/fr\/wp-json\/wp\/v2\/media?parent=5496"}],"curies":[{"name":"wp","href":"https:\/\/api.w.org\/{rel}","templated":true}]}}