{"id":337,"date":"2024-09-23T05:55:22","date_gmt":"2024-09-23T03:55:22","guid":{"rendered":"https:\/\/www.b2pweb.com\/?page_id=337"},"modified":"2026-04-03T17:33:24","modified_gmt":"2026-04-03T15:33:24","slug":"gedmouv-by-b2p","status":"publish","type":"page","link":"https:\/\/www.b2pweb.com\/fr\/marques-by-b2p\/gedmouv-by-b2p\/","title":{"rendered":"GedMouv by B2P"},"content":{"rendered":"","protected":false},"excerpt":{"rendered":"","protected":false},"author":1,"featured_media":0,"parent":312,"menu_order":0,"comment_status":"closed","ping_status":"closed","template":"template-brand-child.php","meta":{"_acf_changed":false,"footnotes":""},"class_list":["post-337","page","type-page","status-publish","hentry"],"acf":[],"yoast_head":"<!-- This site is optimized with the Yoast SEO plugin v27.2 - https:\/\/yoast.com\/product\/yoast-seo-wordpress\/ -->\n<title>B2PWeb | GedMouv by B2P<\/title>\n<meta name=\"description\" content=\"GedMouv, solution B2P, am\u00e9liore la tra\u00e7abilit\u00e9 et s\u00e9curise le partage d\u2019informations de livraison entre acteurs de la cha\u00eene d\u2019exp\u00e9dition.\" \/>\n<meta name=\"robots\" content=\"index, follow, max-snippet:-1, max-image-preview:large, max-video-preview:-1\" \/>\n<link rel=\"canonical\" href=\"https:\/\/www.b2pweb.com\/fr\/marques-by-b2p\/gedmouv-by-b2p\/\" \/>\n<meta property=\"og:locale\" content=\"fr_FR\" \/>\n<meta property=\"og:type\" content=\"article\" \/>\n<meta property=\"og:title\" content=\"B2PWeb | GedMouv by B2P\" \/>\n<meta property=\"og:description\" content=\"GedMouv, solution B2P, am\u00e9liore la tra\u00e7abilit\u00e9 et s\u00e9curise le partage d\u2019informations de livraison entre acteurs de la cha\u00eene d\u2019exp\u00e9dition.\" \/>\n<meta property=\"og:url\" content=\"https:\/\/www.b2pweb.com\/fr\/marques-by-b2p\/gedmouv-by-b2p\/\" \/>\n<meta property=\"og:site_name\" content=\"B2PWeb\" \/>\n<meta property=\"article:publisher\" content=\"https:\/\/m.facebook.com\/p\/B2P-100057724080343\/\" \/>\n<meta property=\"article:modified_time\" content=\"2026-04-03T15:33:24+00:00\" \/>\n<meta name=\"twitter:card\" content=\"summary_large_image\" \/>\n<script type=\"application\/ld+json\" class=\"yoast-schema-graph\">{\"@context\":\"https:\/\/schema.org\",\"@graph\":[{\"@type\":\"WebPage\",\"@id\":\"https:\/\/www.b2pweb.com\/fr\/marques-by-b2p\/gedmouv-by-b2p\/\",\"url\":\"https:\/\/www.b2pweb.com\/fr\/marques-by-b2p\/gedmouv-by-b2p\/\",\"name\":\"B2PWeb | GedMouv by B2P\",\"isPartOf\":{\"@id\":\"https:\/\/www.b2pweb.com\/fr\/#website\"},\"datePublished\":\"2024-09-23T03:55:22+00:00\",\"dateModified\":\"2026-04-03T15:33:24+00:00\",\"description\":\"GedMouv, solution B2P, am\u00e9liore la tra\u00e7abilit\u00e9 et s\u00e9curise le partage d\u2019informations de livraison entre acteurs de la cha\u00eene d\u2019exp\u00e9dition.\",\"breadcrumb\":{\"@id\":\"https:\/\/www.b2pweb.com\/fr\/marques-by-b2p\/gedmouv-by-b2p\/#breadcrumb\"},\"inLanguage\":\"fr-FR\",\"potentialAction\":[{\"@type\":\"ReadAction\",\"target\":[\"https:\/\/www.b2pweb.com\/fr\/marques-by-b2p\/gedmouv-by-b2p\/\"]}]},{\"@type\":\"BreadcrumbList\",\"@id\":\"https:\/\/www.b2pweb.com\/fr\/marques-by-b2p\/gedmouv-by-b2p\/#breadcrumb\",\"itemListElement\":[{\"@type\":\"ListItem\",\"position\":1,\"name\":\"Home\",\"item\":\"https:\/\/www.b2pweb.com\/fr\/\"},{\"@type\":\"ListItem\",\"position\":2,\"name\":\"Marques by B2P\",\"item\":\"https:\/\/www.b2pweb.com\/fr\/marques-by-b2p\/\"},{\"@type\":\"ListItem\",\"position\":3,\"name\":\"GedMouv by B2P\"}]},{\"@type\":\"WebSite\",\"@id\":\"https:\/\/www.b2pweb.com\/fr\/#website\",\"url\":\"https:\/\/www.b2pweb.com\/fr\/\",\"name\":\"B2PWeb\",\"description\":\"\",\"publisher\":{\"@id\":\"https:\/\/www.b2pweb.com\/fr\/#organization\"},\"potentialAction\":[{\"@type\":\"SearchAction\",\"target\":{\"@type\":\"EntryPoint\",\"urlTemplate\":\"https:\/\/www.b2pweb.com\/fr\/?s={search_term_string}\"},\"query-input\":{\"@type\":\"PropertyValueSpecification\",\"valueRequired\":true,\"valueName\":\"search_term_string\"}}],\"inLanguage\":\"fr-FR\"},{\"@type\":\"Organization\",\"@id\":\"https:\/\/www.b2pweb.com\/fr\/#organization\",\"name\":\"B2PWeb\",\"url\":\"https:\/\/www.b2pweb.com\/fr\/\",\"logo\":{\"@type\":\"ImageObject\",\"inLanguage\":\"fr-FR\",\"@id\":\"https:\/\/www.b2pweb.com\/fr\/#\/schema\/logo\/image\/\",\"url\":\"https:\/\/www.b2pweb.com\/wp-content\/uploads\/2024\/09\/logo_b2pweb_by_b2p_couleur_originale_sans_tagline.png\",\"contentUrl\":\"https:\/\/www.b2pweb.com\/wp-content\/uploads\/2024\/09\/logo_b2pweb_by_b2p_couleur_originale_sans_tagline.png\",\"width\":558,\"height\":203,\"caption\":\"B2PWeb\"},\"image\":{\"@id\":\"https:\/\/www.b2pweb.com\/fr\/#\/schema\/logo\/image\/\"},\"sameAs\":[\"https:\/\/m.facebook.com\/p\/B2P-100057724080343\/\",\"https:\/\/fr.linkedin.com\/company\/b2pweb\",\"https:\/\/www.youtube.com\/channel\/UC_DMJDsr7WATOkvD0eLiF6A\",\"https:\/\/www.instagram.com\/b2pweb_\/\"]}]}<\/script>\n<!-- \/ Yoast SEO plugin. -->","yoast_head_json":{"title":"B2PWeb | GedMouv by B2P","description":"GedMouv, solution B2P, am\u00e9liore la tra\u00e7abilit\u00e9 et s\u00e9curise le partage d\u2019informations de livraison entre acteurs de la cha\u00eene d\u2019exp\u00e9dition.","robots":{"index":"index","follow":"follow","max-snippet":"max-snippet:-1","max-image-preview":"max-image-preview:large","max-video-preview":"max-video-preview:-1"},"canonical":"https:\/\/www.b2pweb.com\/fr\/marques-by-b2p\/gedmouv-by-b2p\/","og_locale":"fr_FR","og_type":"article","og_title":"B2PWeb | GedMouv by B2P","og_description":"GedMouv, solution B2P, am\u00e9liore la tra\u00e7abilit\u00e9 et s\u00e9curise le partage d\u2019informations de livraison entre acteurs de la cha\u00eene d\u2019exp\u00e9dition.","og_url":"https:\/\/www.b2pweb.com\/fr\/marques-by-b2p\/gedmouv-by-b2p\/","og_site_name":"B2PWeb","article_publisher":"https:\/\/m.facebook.com\/p\/B2P-100057724080343\/","article_modified_time":"2026-04-03T15:33:24+00:00","twitter_card":"summary_large_image","schema":{"@context":"https:\/\/schema.org","@graph":[{"@type":"WebPage","@id":"https:\/\/www.b2pweb.com\/fr\/marques-by-b2p\/gedmouv-by-b2p\/","url":"https:\/\/www.b2pweb.com\/fr\/marques-by-b2p\/gedmouv-by-b2p\/","name":"B2PWeb | GedMouv by B2P","isPartOf":{"@id":"https:\/\/www.b2pweb.com\/fr\/#website"},"datePublished":"2024-09-23T03:55:22+00:00","dateModified":"2026-04-03T15:33:24+00:00","description":"GedMouv, solution B2P, am\u00e9liore la tra\u00e7abilit\u00e9 et s\u00e9curise le partage d\u2019informations de livraison entre acteurs de la cha\u00eene d\u2019exp\u00e9dition.","breadcrumb":{"@id":"https:\/\/www.b2pweb.com\/fr\/marques-by-b2p\/gedmouv-by-b2p\/#breadcrumb"},"inLanguage":"fr-FR","potentialAction":[{"@type":"ReadAction","target":["https:\/\/www.b2pweb.com\/fr\/marques-by-b2p\/gedmouv-by-b2p\/"]}]},{"@type":"BreadcrumbList","@id":"https:\/\/www.b2pweb.com\/fr\/marques-by-b2p\/gedmouv-by-b2p\/#breadcrumb","itemListElement":[{"@type":"ListItem","position":1,"name":"Home","item":"https:\/\/www.b2pweb.com\/fr\/"},{"@type":"ListItem","position":2,"name":"Marques by B2P","item":"https:\/\/www.b2pweb.com\/fr\/marques-by-b2p\/"},{"@type":"ListItem","position":3,"name":"GedMouv by B2P"}]},{"@type":"WebSite","@id":"https:\/\/www.b2pweb.com\/fr\/#website","url":"https:\/\/www.b2pweb.com\/fr\/","name":"B2PWeb","description":"","publisher":{"@id":"https:\/\/www.b2pweb.com\/fr\/#organization"},"potentialAction":[{"@type":"SearchAction","target":{"@type":"EntryPoint","urlTemplate":"https:\/\/www.b2pweb.com\/fr\/?s={search_term_string}"},"query-input":{"@type":"PropertyValueSpecification","valueRequired":true,"valueName":"search_term_string"}}],"inLanguage":"fr-FR"},{"@type":"Organization","@id":"https:\/\/www.b2pweb.com\/fr\/#organization","name":"B2PWeb","url":"https:\/\/www.b2pweb.com\/fr\/","logo":{"@type":"ImageObject","inLanguage":"fr-FR","@id":"https:\/\/www.b2pweb.com\/fr\/#\/schema\/logo\/image\/","url":"https:\/\/www.b2pweb.com\/wp-content\/uploads\/2024\/09\/logo_b2pweb_by_b2p_couleur_originale_sans_tagline.png","contentUrl":"https:\/\/www.b2pweb.com\/wp-content\/uploads\/2024\/09\/logo_b2pweb_by_b2p_couleur_originale_sans_tagline.png","width":558,"height":203,"caption":"B2PWeb"},"image":{"@id":"https:\/\/www.b2pweb.com\/fr\/#\/schema\/logo\/image\/"},"sameAs":["https:\/\/m.facebook.com\/p\/B2P-100057724080343\/","https:\/\/fr.linkedin.com\/company\/b2pweb","https:\/\/www.youtube.com\/channel\/UC_DMJDsr7WATOkvD0eLiF6A","https:\/\/www.instagram.com\/b2pweb_\/"]}]}},"_links":{"self":[{"href":"https:\/\/www.b2pweb.com\/fr\/wp-json\/wp\/v2\/pages\/337","targetHints":{"allow":["GET"]}}],"collection":[{"href":"https:\/\/www.b2pweb.com\/fr\/wp-json\/wp\/v2\/pages"}],"about":[{"href":"https:\/\/www.b2pweb.com\/fr\/wp-json\/wp\/v2\/types\/page"}],"author":[{"embeddable":true,"href":"https:\/\/www.b2pweb.com\/fr\/wp-json\/wp\/v2\/users\/1"}],"replies":[{"embeddable":true,"href":"https:\/\/www.b2pweb.com\/fr\/wp-json\/wp\/v2\/comments?post=337"}],"version-history":[{"count":2,"href":"https:\/\/www.b2pweb.com\/fr\/wp-json\/wp\/v2\/pages\/337\/revisions"}],"predecessor-version":[{"id":7678,"href":"https:\/\/www.b2pweb.com\/fr\/wp-json\/wp\/v2\/pages\/337\/revisions\/7678"}],"up":[{"embeddable":true,"href":"https:\/\/www.b2pweb.com\/fr\/wp-json\/wp\/v2\/pages\/312"}],"wp:attachment":[{"href":"https:\/\/www.b2pweb.com\/fr\/wp-json\/wp\/v2\/media?parent=337"}],"curies":[{"name":"wp","href":"https:\/\/api.w.org\/{rel}","templated":true}]}}