{"id":4270,"date":"2024-08-07T16:23:43","date_gmt":"2024-08-07T14:23:43","guid":{"rendered":"https:\/\/www.b2pweb.com\/bolsa-de-cargas-b2pweb\/transportista\/"},"modified":"2026-04-03T10:23:49","modified_gmt":"2026-04-03T08:23:49","slug":"transportista","status":"publish","type":"page","link":"https:\/\/www.b2pweb.com\/es\/bolsa-de-cargas-b2pweb\/transportista\/","title":{"rendered":"Transportista"},"content":{"rendered":"","protected":false},"excerpt":{"rendered":"","protected":false},"author":1,"featured_media":0,"parent":4264,"menu_order":0,"comment_status":"closed","ping_status":"closed","template":"template-solution-child.php","meta":{"_acf_changed":false,"footnotes":""},"class_list":["post-4270","page","type-page","status-publish","hentry"],"acf":[],"yoast_head":"<!-- This site is optimized with the Yoast SEO plugin v27.2 - https:\/\/yoast.com\/product\/yoast-seo-wordpress\/ -->\n<title>B2PWeb | Transportista<\/title>\n<meta name=\"description\" content=\"Transportistas, optimicen sus trayectos con B2PWeb: encuentren f\u00e1cilmente mercanc\u00edas para cargar y reduzcan el kilometraje en vac\u00edo.\" \/>\n<meta name=\"robots\" content=\"index, follow, max-snippet:-1, max-image-preview:large, max-video-preview:-1\" \/>\n<link rel=\"canonical\" href=\"https:\/\/www.b2pweb.com\/es\/bolsa-de-cargas-b2pweb\/transportista\/\" \/>\n<meta property=\"og:locale\" content=\"es_ES\" \/>\n<meta property=\"og:type\" content=\"article\" \/>\n<meta property=\"og:title\" content=\"B2PWeb | Transportista\" \/>\n<meta property=\"og:description\" content=\"Transportistas, optimicen sus trayectos con B2PWeb: encuentren f\u00e1cilmente mercanc\u00edas para cargar y reduzcan el kilometraje en vac\u00edo.\" \/>\n<meta property=\"og:url\" content=\"https:\/\/www.b2pweb.com\/es\/bolsa-de-cargas-b2pweb\/transportista\/\" \/>\n<meta property=\"og:site_name\" content=\"B2PWeb\" \/>\n<meta property=\"article:publisher\" content=\"https:\/\/m.facebook.com\/p\/B2P-100057724080343\/\" \/>\n<meta property=\"article:modified_time\" content=\"2026-04-03T08:23:49+00:00\" \/>\n<meta name=\"twitter:card\" content=\"summary_large_image\" \/>\n<script type=\"application\/ld+json\" class=\"yoast-schema-graph\">{\"@context\":\"https:\/\/schema.org\",\"@graph\":[{\"@type\":\"WebPage\",\"@id\":\"https:\/\/www.b2pweb.com\/es\/bolsa-de-cargas-b2pweb\/transportista\/\",\"url\":\"https:\/\/www.b2pweb.com\/es\/bolsa-de-cargas-b2pweb\/transportista\/\",\"name\":\"B2PWeb | Transportista\",\"isPartOf\":{\"@id\":\"https:\/\/www.b2pweb.com\/es\/#website\"},\"datePublished\":\"2024-08-07T14:23:43+00:00\",\"dateModified\":\"2026-04-03T08:23:49+00:00\",\"description\":\"Transportistas, optimicen sus trayectos con B2PWeb: encuentren f\u00e1cilmente mercanc\u00edas para cargar y reduzcan el kilometraje en vac\u00edo.\",\"breadcrumb\":{\"@id\":\"https:\/\/www.b2pweb.com\/es\/bolsa-de-cargas-b2pweb\/transportista\/#breadcrumb\"},\"inLanguage\":\"es\",\"potentialAction\":[{\"@type\":\"ReadAction\",\"target\":[\"https:\/\/www.b2pweb.com\/es\/bolsa-de-cargas-b2pweb\/transportista\/\"]}]},{\"@type\":\"BreadcrumbList\",\"@id\":\"https:\/\/www.b2pweb.com\/es\/bolsa-de-cargas-b2pweb\/transportista\/#breadcrumb\",\"itemListElement\":[{\"@type\":\"ListItem\",\"position\":1,\"name\":\"Home\",\"item\":\"https:\/\/www.b2pweb.com\/es\/\"},{\"@type\":\"ListItem\",\"position\":2,\"name\":\"Bolsa de cargas B2PWeb\",\"item\":\"https:\/\/www.b2pweb.com\/es\/bolsa-de-cargas-b2pweb\/\"},{\"@type\":\"ListItem\",\"position\":3,\"name\":\"Transportista\"}]},{\"@type\":\"WebSite\",\"@id\":\"https:\/\/www.b2pweb.com\/es\/#website\",\"url\":\"https:\/\/www.b2pweb.com\/es\/\",\"name\":\"B2PWeb\",\"description\":\"\",\"publisher\":{\"@id\":\"https:\/\/www.b2pweb.com\/es\/#organization\"},\"potentialAction\":[{\"@type\":\"SearchAction\",\"target\":{\"@type\":\"EntryPoint\",\"urlTemplate\":\"https:\/\/www.b2pweb.com\/es\/?s={search_term_string}\"},\"query-input\":{\"@type\":\"PropertyValueSpecification\",\"valueRequired\":true,\"valueName\":\"search_term_string\"}}],\"inLanguage\":\"es\"},{\"@type\":\"Organization\",\"@id\":\"https:\/\/www.b2pweb.com\/es\/#organization\",\"name\":\"B2PWeb\",\"url\":\"https:\/\/www.b2pweb.com\/es\/\",\"logo\":{\"@type\":\"ImageObject\",\"inLanguage\":\"es\",\"@id\":\"https:\/\/www.b2pweb.com\/es\/#\/schema\/logo\/image\/\",\"url\":\"https:\/\/www.b2pweb.com\/wp-content\/uploads\/2024\/09\/logo_b2pweb_by_b2p_couleur_originale_sans_tagline.png\",\"contentUrl\":\"https:\/\/www.b2pweb.com\/wp-content\/uploads\/2024\/09\/logo_b2pweb_by_b2p_couleur_originale_sans_tagline.png\",\"width\":558,\"height\":203,\"caption\":\"B2PWeb\"},\"image\":{\"@id\":\"https:\/\/www.b2pweb.com\/es\/#\/schema\/logo\/image\/\"},\"sameAs\":[\"https:\/\/m.facebook.com\/p\/B2P-100057724080343\/\",\"https:\/\/fr.linkedin.com\/company\/b2pweb\",\"https:\/\/www.youtube.com\/channel\/UC_DMJDsr7WATOkvD0eLiF6A\",\"https:\/\/www.instagram.com\/b2pweb_\/\"]}]}<\/script>\n<!-- \/ Yoast SEO plugin. -->","yoast_head_json":{"title":"B2PWeb | Transportista","description":"Transportistas, optimicen sus trayectos con B2PWeb: encuentren f\u00e1cilmente mercanc\u00edas para cargar y reduzcan el kilometraje en vac\u00edo.","robots":{"index":"index","follow":"follow","max-snippet":"max-snippet:-1","max-image-preview":"max-image-preview:large","max-video-preview":"max-video-preview:-1"},"canonical":"https:\/\/www.b2pweb.com\/es\/bolsa-de-cargas-b2pweb\/transportista\/","og_locale":"es_ES","og_type":"article","og_title":"B2PWeb | Transportista","og_description":"Transportistas, optimicen sus trayectos con B2PWeb: encuentren f\u00e1cilmente mercanc\u00edas para cargar y reduzcan el kilometraje en vac\u00edo.","og_url":"https:\/\/www.b2pweb.com\/es\/bolsa-de-cargas-b2pweb\/transportista\/","og_site_name":"B2PWeb","article_publisher":"https:\/\/m.facebook.com\/p\/B2P-100057724080343\/","article_modified_time":"2026-04-03T08:23:49+00:00","twitter_card":"summary_large_image","schema":{"@context":"https:\/\/schema.org","@graph":[{"@type":"WebPage","@id":"https:\/\/www.b2pweb.com\/es\/bolsa-de-cargas-b2pweb\/transportista\/","url":"https:\/\/www.b2pweb.com\/es\/bolsa-de-cargas-b2pweb\/transportista\/","name":"B2PWeb | Transportista","isPartOf":{"@id":"https:\/\/www.b2pweb.com\/es\/#website"},"datePublished":"2024-08-07T14:23:43+00:00","dateModified":"2026-04-03T08:23:49+00:00","description":"Transportistas, optimicen sus trayectos con B2PWeb: encuentren f\u00e1cilmente mercanc\u00edas para cargar y reduzcan el kilometraje en vac\u00edo.","breadcrumb":{"@id":"https:\/\/www.b2pweb.com\/es\/bolsa-de-cargas-b2pweb\/transportista\/#breadcrumb"},"inLanguage":"es","potentialAction":[{"@type":"ReadAction","target":["https:\/\/www.b2pweb.com\/es\/bolsa-de-cargas-b2pweb\/transportista\/"]}]},{"@type":"BreadcrumbList","@id":"https:\/\/www.b2pweb.com\/es\/bolsa-de-cargas-b2pweb\/transportista\/#breadcrumb","itemListElement":[{"@type":"ListItem","position":1,"name":"Home","item":"https:\/\/www.b2pweb.com\/es\/"},{"@type":"ListItem","position":2,"name":"Bolsa de cargas B2PWeb","item":"https:\/\/www.b2pweb.com\/es\/bolsa-de-cargas-b2pweb\/"},{"@type":"ListItem","position":3,"name":"Transportista"}]},{"@type":"WebSite","@id":"https:\/\/www.b2pweb.com\/es\/#website","url":"https:\/\/www.b2pweb.com\/es\/","name":"B2PWeb","description":"","publisher":{"@id":"https:\/\/www.b2pweb.com\/es\/#organization"},"potentialAction":[{"@type":"SearchAction","target":{"@type":"EntryPoint","urlTemplate":"https:\/\/www.b2pweb.com\/es\/?s={search_term_string}"},"query-input":{"@type":"PropertyValueSpecification","valueRequired":true,"valueName":"search_term_string"}}],"inLanguage":"es"},{"@type":"Organization","@id":"https:\/\/www.b2pweb.com\/es\/#organization","name":"B2PWeb","url":"https:\/\/www.b2pweb.com\/es\/","logo":{"@type":"ImageObject","inLanguage":"es","@id":"https:\/\/www.b2pweb.com\/es\/#\/schema\/logo\/image\/","url":"https:\/\/www.b2pweb.com\/wp-content\/uploads\/2024\/09\/logo_b2pweb_by_b2p_couleur_originale_sans_tagline.png","contentUrl":"https:\/\/www.b2pweb.com\/wp-content\/uploads\/2024\/09\/logo_b2pweb_by_b2p_couleur_originale_sans_tagline.png","width":558,"height":203,"caption":"B2PWeb"},"image":{"@id":"https:\/\/www.b2pweb.com\/es\/#\/schema\/logo\/image\/"},"sameAs":["https:\/\/m.facebook.com\/p\/B2P-100057724080343\/","https:\/\/fr.linkedin.com\/company\/b2pweb","https:\/\/www.youtube.com\/channel\/UC_DMJDsr7WATOkvD0eLiF6A","https:\/\/www.instagram.com\/b2pweb_\/"]}]}},"_links":{"self":[{"href":"https:\/\/www.b2pweb.com\/es\/wp-json\/wp\/v2\/pages\/4270","targetHints":{"allow":["GET"]}}],"collection":[{"href":"https:\/\/www.b2pweb.com\/es\/wp-json\/wp\/v2\/pages"}],"about":[{"href":"https:\/\/www.b2pweb.com\/es\/wp-json\/wp\/v2\/types\/page"}],"author":[{"embeddable":true,"href":"https:\/\/www.b2pweb.com\/es\/wp-json\/wp\/v2\/users\/1"}],"replies":[{"embeddable":true,"href":"https:\/\/www.b2pweb.com\/es\/wp-json\/wp\/v2\/comments?post=4270"}],"version-history":[{"count":2,"href":"https:\/\/www.b2pweb.com\/es\/wp-json\/wp\/v2\/pages\/4270\/revisions"}],"predecessor-version":[{"id":7615,"href":"https:\/\/www.b2pweb.com\/es\/wp-json\/wp\/v2\/pages\/4270\/revisions\/7615"}],"up":[{"embeddable":true,"href":"https:\/\/www.b2pweb.com\/es\/wp-json\/wp\/v2\/pages\/4264"}],"wp:attachment":[{"href":"https:\/\/www.b2pweb.com\/es\/wp-json\/wp\/v2\/media?parent=4270"}],"curies":[{"name":"wp","href":"https:\/\/api.w.org\/{rel}","templated":true}]}}